{"id":7889,"date":"2024-07-02T07:28:11","date_gmt":"2024-07-02T07:28:11","guid":{"rendered":"https:\/\/elsopaconil.com\/?page_id=7889"},"modified":"2024-07-03T08:13:07","modified_gmt":"2024-07-03T08:13:07","slug":"politica-de-privacidad","status":"publish","type":"page","link":"https:\/\/elsopaconil.com\/index.php\/politica-de-privacidad\/","title":{"rendered":"pol\u00edtica de privacidad"},"content":{"rendered":"\t\t<div data-elementor-type=\"wp-page\" data-elementor-id=\"7889\" class=\"elementor elementor-7889\" data-elementor-post-type=\"page\">\n\t\t\t\t<div class=\"elementor-element elementor-element-f3f5e56 e-flex e-con-boxed e-con e-parent\" data-id=\"f3f5e56\" data-element_type=\"container\">\n\t\t\t\t\t<div class=\"e-con-inner\">\n\t\t\t\t<div class=\"elementor-element elementor-element-1d474f5 elementor-widget elementor-widget-text-editor\" data-id=\"1d474f5\" data-element_type=\"widget\" data-widget_type=\"text-editor.default\">\n\t\t\t\t<div class=\"elementor-widget-container\">\n\t\t\t\t\t\t\t<p>En el marco del cumplimiento de lo dispuesto en la Ley Org\u00e1nica 3\/2018 de Protecci\u00f3n de Datos Personales y garant\u00eda de los derechos digitales del 6 de diciembre de 2018, Restaurante El Sopa, en adelante El Sopa, informa a los Usuarios de esta web mediante este documento del uso y tratamiento de los datos personales que faciliten o vayan a facilitar en su navegaci\u00f3n y de la pol\u00edtica de protecci\u00f3n de datos que se aplicar\u00e1 sobre dichos datos.<\/p><ul><li><strong>DATOS DE TR\u00c1FICO<\/strong><\/li><\/ul><p>Los datos de tr\u00e1fico como nombre del proveedor de acceso, direcci\u00f3n IP, fecha y hora de acceso, enlaces desde los que accede y cualquiera otra informaci\u00f3n de naturaleza parecida o an\u00e1loga que pueda proporcionar en su navegaci\u00f3n por el Sitio web, ser\u00e1n tratados de forma an\u00f3nima y con la \u00fanica finalidad de realizar estad\u00edsticas de visitas de nuestro Sitio web.<\/p><p>Un m\u00e9todo de recoger informaci\u00f3n complementaria de sus visitas a nuestro servicio, es registrando la direcci\u00f3n o protocolo IP de su equipo. Este protocolo IP es un n\u00famero que autom\u00e1ticamente es asignado a su sistema cada vez que usted navega. Cualquier p\u00e1gina web a la que usted accede detecta inmediatamente la presencia de su terminal por su direcci\u00f3n IP. Cuando usted accede a nuestra p\u00e1gina, su direcci\u00f3n IP queda autom\u00e1ticamente almacenada. Esta recogida tiene como \u00fanica funci\u00f3n, la elaboraci\u00f3n de una estad\u00edstica de visitas a nuestra web que permita conocer el funcionamiento de nuestro servicio y nos permita mejorarlo d\u00eda a d\u00eda.<\/p><ul><li><strong>EJERCICIO DE DERECHOS DE PROTECCI\u00d3N DE DATOS<\/strong><\/li><\/ul><p>El usuario tiene derecho a solicitar y obtener gratuitamente informaci\u00f3n sobre sus datos de car\u00e1cter personal sometidos a tratamiento, de su y de las comunicaciones que puedan afectar a los mismos.<\/p><p>Los usuarios pueden dirigir una comunicaci\u00f3n por escrito a la direcci\u00f3n social de El Sopa presente en el AVISO LEGAL o a la direcci\u00f3n de correo electr\u00f3nico info@elsopaconil.com incluyendo en ambos casos fotocopia de su DNI u otro documento identificativo similar, para solicitar el ejercicio de los derechos de Acceso, Rectificaci\u00f3n, Cancelaci\u00f3n y Oposici\u00f3n.<\/p><ul><li><strong>CONSENTIMIENTO Y REVOCACI\u00d3N DEL USUARIO<\/strong><\/li><\/ul><p>A trav\u00e9s de las casillas de marcaci\u00f3n El usuario acepta nuestra pol\u00edtica de privacidad y obtenemos su consentimiento para el env\u00edo de comunicaciones informativas sobre nuestros servicios y actividades, as\u00ed como para la contestaci\u00f3n a las consultas que nos formule. Dicho consentimiento podr\u00e1 ser revocado en cualquier momento, dirigiendo un mail a la direcci\u00f3n info@elsopaconil.com con el asunto BAJA COMUNICACIONES LOPD, o dirigi\u00e9ndose a nuestro domicilio en los t\u00e9rminos definidos por El Sopa.<\/p><p>El Sopa quedar\u00e1 exonerado de responsabilidad en el caso de que la solicitud de muestra o correcci\u00f3n de datos se realice desde la direcci\u00f3n de correo electr\u00f3nico que usted nos ha aportado a trav\u00e9s de cualquiera de los formularios de la web, pues en ese caso presumir\u00e1 que es el usuario qui\u00e9n la realiza.<\/p><ul><li><strong>V\u00cdAS A TRAV\u00c9S DE LAS CUALES SE RECABAN DATOS PERSONALES. FINALIDADES DE TRATAMIENTO<\/strong><\/li><\/ul><p><strong>Formularios de contacto y medios de comunicaci\u00f3n tradicionales<\/strong><\/p><p>Se permite al usuario el env\u00edo no cifrado de sus datos personales a trav\u00e9s de formularios de contacto de tipo est\u00e1ndar que encontrar\u00e1 en el sitio web. Tanto los datos recabados a trav\u00e9s de la Web como los que nos facilite mediante enlaces al correo electr\u00f3nico y otros medios de comunicaci\u00f3n indicados en la secci\u00f3n de contacto, ser\u00e1n objeto de tratamiento automatizado e incorporados a los correspondientes ficheros de los que El Sopa es titular y que se encuentran debidamente Inscritos en el Registro General de la Agencia Espa\u00f1ola de Protecci\u00f3n de Datos. La finalidad del tratamiento de los mismos ser\u00e1 la de tramitar las consultas planteadas, env\u00edo de publicidad y Bolet\u00edn de noticias por medios electr\u00f3nicos acerca de la empresa, sus actividades y promociones y gesti\u00f3n de reservas.<\/p><p>Ser\u00e1n gestionados de forma automatizada para la administraci\u00f3n, ampliaci\u00f3n y mejora de nuestros servicios, as\u00ed como para fines t\u00e9cnicos y comerciales sobre los servicios ofrecidos. Ser\u00e1n conservados en los ficheros de nuestra empresa con el fin de realizar seguimiento comercial y mantenerle informado (sobre los servicios y productos que le puedan ser de su inter\u00e9s) por correo postal, telef\u00f3nicamente o mediante otro cualquier medio electr\u00f3nico que nos haya usted facilitado. En todo caso, los datos recogidos y tratados son \u00fanicamente los b\u00e1sicos para las finalidades se\u00f1aladas anteriormente.<\/p><p>El Usuario es responsable de la veracidad de sus datos, comprometi\u00e9ndose a no introducir datos falsos y a proceder a la rectificaci\u00f3n de los mismos si fuera necesario. El prestador pone a disposici\u00f3n del Usuario todos los medios para que pueda proceder a la modificaci\u00f3n de sus datos mediante los formularios designados en nuestra web. El Usuario manifiesta que cuando no introduce sus datos personales sino los de un tercero est\u00e1n autorizados por \u00e9ste para su introducci\u00f3n.<\/p><p>Los campos en los que figure un asterisco (*) son aquellos que requieren una cumplimentaci\u00f3n obligatoria. De no ser cubiertos la consecuencia consiste en la imposibilidad de prestar el servicio que se pretende solicitar o la imposibilidad de enviar la solicitud de informaci\u00f3n.<\/p><p>Ciertos servicios prestados a trav\u00e9s del Sitio Web pueden contener condiciones particulares con previsiones espec\u00edficas en materia de protecci\u00f3n de datos personales. Se El Sopa indispensable su lectura y aceptaci\u00f3n con car\u00e1cter previo a la solicitud del servicio de que se trate.<\/p><ul><li><strong>REDES SOCIALES<\/strong><\/li><\/ul><p>El Sopa cuenta con perfil en Facebook, Google+ reconoci\u00e9ndose en todos los casos responsable del tratamiento de los datos de sus seguidores, fans, suscriptores, comentaristas y otros perfiles de usuarios (en adelante, Seguidores). El tratamiento que El Sopa llevar\u00e1 a cabo con dichos datos ser\u00e1, como m\u00e1ximo, el que la red social permita a los perfiles corporativos. As\u00ed pues, El Sopa podr\u00e1 informar a sus seguidores por cualquier v\u00eda que la red social permita sobre sus actividades, ofertas, as\u00ed como prestar servicio personalizado de atenci\u00f3n al cliente. En ning\u00fan caso, El Sopa extraer\u00e1 datos de las redes sociales, a menos que se obtuviera puntual y expresamente el consentimiento del usuario para ello. Cuando, debido a la propia naturaleza de las redes sociales, el ejercicio efectivo de los derechos del seguidor quede supeditado a la modificaci\u00f3n del perfil personal de \u00e9ste El Sopa le ayudar\u00e1 y aconsejar\u00e1 a tal fin en la medida de sus posibilidades.<\/p><ul><li><strong>MEDIDAS DE SEGURIDAD<\/strong><\/li><\/ul><p>Por \u00faltimo se le informa que se tienen adoptados los niveles de seguridad de protecci\u00f3n de Datos Personales legalmente requeridos por la normativa vigente, y se ha instalado todos los medios y medidas t\u00e9cnicas y organizativas a su alcance para evitar la p\u00e9rdida, mal uso, alteraci\u00f3n, acceso no autorizado y robo de los Datos Personales que se nos facilite . No obstante, el Usuario debe ser consciente de que las medidas de seguridad en Internet no son inexpugnables.<\/p>\t\t\t\t\t\t<\/div>\n\t\t\t\t<\/div>\n\t\t\t\t\t<\/div>\n\t\t\t\t<\/div>\n\t\t\t\t<\/div>\n\t\t","protected":false},"excerpt":{"rendered":"<p>En el marco del cumplimiento de lo dispuesto en la Ley Org\u00e1nica 3\/2018 de Protecci\u00f3n de Datos Personales y garant\u00eda de los derechos digitales del 6 de diciembre de 2018, Restaurante El Sopa, en adelante El Sopa, informa a los Usuarios de esta web mediante este documento del uso y tratamiento de los datos personales&hellip;<\/p>\n","protected":false},"author":1,"featured_media":0,"parent":0,"menu_order":0,"comment_status":"closed","ping_status":"closed","template":"","meta":{"footnotes":""},"class_list":["post-7889","page","type-page","status-publish","hentry"],"yoast_head":"<!-- This site is optimized with the Yoast SEO plugin v23.0 - https:\/\/yoast.com\/wordpress\/plugins\/seo\/ -->\n<title>pol\u00edtica de privacidad - El Sopa Conil<\/title>\n<meta name=\"robots\" content=\"index, follow, max-snippet:-1, max-image-preview:large, max-video-preview:-1\" \/>\n<link rel=\"canonical\" href=\"https:\/\/elsopaconil.com\/index.php\/politica-de-privacidad\/\" \/>\n<meta property=\"og:locale\" content=\"es_ES\" \/>\n<meta property=\"og:type\" content=\"article\" \/>\n<meta property=\"og:title\" content=\"pol\u00edtica de privacidad - El Sopa Conil\" \/>\n<meta property=\"og:description\" content=\"En el marco del cumplimiento de lo dispuesto en la Ley Org\u00e1nica 3\/2018 de Protecci\u00f3n de Datos Personales y garant\u00eda de los derechos digitales del 6 de diciembre de 2018, Restaurante El Sopa, en adelante El Sopa, informa a los Usuarios de esta web mediante este documento del uso y tratamiento de los datos personales&hellip;\" \/>\n<meta property=\"og:url\" content=\"https:\/\/elsopaconil.com\/index.php\/politica-de-privacidad\/\" \/>\n<meta property=\"og:site_name\" content=\"El Sopa Conil\" \/>\n<meta property=\"article:modified_time\" content=\"2024-07-03T08:13:07+00:00\" \/>\n<meta name=\"twitter:card\" content=\"summary_large_image\" \/>\n<meta name=\"twitter:label1\" content=\"Tiempo de lectura\" \/>\n\t<meta name=\"twitter:data1\" content=\"6 minutos\" \/>\n<script type=\"application\/ld+json\" class=\"yoast-schema-graph\">{\"@context\":\"https:\/\/schema.org\",\"@graph\":[{\"@type\":\"WebPage\",\"@id\":\"https:\/\/elsopaconil.com\/index.php\/politica-de-privacidad\/\",\"url\":\"https:\/\/elsopaconil.com\/index.php\/politica-de-privacidad\/\",\"name\":\"pol\u00edtica de privacidad - El Sopa Conil\",\"isPartOf\":{\"@id\":\"https:\/\/elsopaconil.com\/#website\"},\"datePublished\":\"2024-07-02T07:28:11+00:00\",\"dateModified\":\"2024-07-03T08:13:07+00:00\",\"breadcrumb\":{\"@id\":\"https:\/\/elsopaconil.com\/index.php\/politica-de-privacidad\/#breadcrumb\"},\"inLanguage\":\"es\",\"potentialAction\":[{\"@type\":\"ReadAction\",\"target\":[\"https:\/\/elsopaconil.com\/index.php\/politica-de-privacidad\/\"]}]},{\"@type\":\"BreadcrumbList\",\"@id\":\"https:\/\/elsopaconil.com\/index.php\/politica-de-privacidad\/#breadcrumb\",\"itemListElement\":[{\"@type\":\"ListItem\",\"position\":1,\"name\":\"Portada\",\"item\":\"https:\/\/elsopaconil.com\/\"},{\"@type\":\"ListItem\",\"position\":2,\"name\":\"pol\u00edtica de privacidad\"}]},{\"@type\":\"WebSite\",\"@id\":\"https:\/\/elsopaconil.com\/#website\",\"url\":\"https:\/\/elsopaconil.com\/\",\"name\":\"El Sopa Conil\",\"description\":\"\",\"publisher\":{\"@id\":\"https:\/\/elsopaconil.com\/#organization\"},\"potentialAction\":[{\"@type\":\"SearchAction\",\"target\":{\"@type\":\"EntryPoint\",\"urlTemplate\":\"https:\/\/elsopaconil.com\/?s={search_term_string}\"},\"query-input\":\"required name=search_term_string\"}],\"inLanguage\":\"es\"},{\"@type\":\"Organization\",\"@id\":\"https:\/\/elsopaconil.com\/#organization\",\"name\":\"El Sopa Conil\",\"url\":\"https:\/\/elsopaconil.com\/\",\"logo\":{\"@type\":\"ImageObject\",\"inLanguage\":\"es\",\"@id\":\"https:\/\/elsopaconil.com\/#\/schema\/logo\/image\/\",\"url\":\"https:\/\/elsopaconil.com\/wp-content\/uploads\/2021\/05\/logo-sopa-negro.png\",\"contentUrl\":\"https:\/\/elsopaconil.com\/wp-content\/uploads\/2021\/05\/logo-sopa-negro.png\",\"width\":143,\"height\":151,\"caption\":\"El Sopa Conil\"},\"image\":{\"@id\":\"https:\/\/elsopaconil.com\/#\/schema\/logo\/image\/\"}}]}<\/script>\n<!-- \/ Yoast SEO plugin. -->","yoast_head_json":{"title":"pol\u00edtica de privacidad - El Sopa Conil","robots":{"index":"index","follow":"follow","max-snippet":"max-snippet:-1","max-image-preview":"max-image-preview:large","max-video-preview":"max-video-preview:-1"},"canonical":"https:\/\/elsopaconil.com\/index.php\/politica-de-privacidad\/","og_locale":"es_ES","og_type":"article","og_title":"pol\u00edtica de privacidad - El Sopa Conil","og_description":"En el marco del cumplimiento de lo dispuesto en la Ley Org\u00e1nica 3\/2018 de Protecci\u00f3n de Datos Personales y garant\u00eda de los derechos digitales del 6 de diciembre de 2018, Restaurante El Sopa, en adelante El Sopa, informa a los Usuarios de esta web mediante este documento del uso y tratamiento de los datos personales&hellip;","og_url":"https:\/\/elsopaconil.com\/index.php\/politica-de-privacidad\/","og_site_name":"El Sopa Conil","article_modified_time":"2024-07-03T08:13:07+00:00","twitter_card":"summary_large_image","twitter_misc":{"Tiempo de lectura":"6 minutos"},"schema":{"@context":"https:\/\/schema.org","@graph":[{"@type":"WebPage","@id":"https:\/\/elsopaconil.com\/index.php\/politica-de-privacidad\/","url":"https:\/\/elsopaconil.com\/index.php\/politica-de-privacidad\/","name":"pol\u00edtica de privacidad - El Sopa Conil","isPartOf":{"@id":"https:\/\/elsopaconil.com\/#website"},"datePublished":"2024-07-02T07:28:11+00:00","dateModified":"2024-07-03T08:13:07+00:00","breadcrumb":{"@id":"https:\/\/elsopaconil.com\/index.php\/politica-de-privacidad\/#breadcrumb"},"inLanguage":"es","potentialAction":[{"@type":"ReadAction","target":["https:\/\/elsopaconil.com\/index.php\/politica-de-privacidad\/"]}]},{"@type":"BreadcrumbList","@id":"https:\/\/elsopaconil.com\/index.php\/politica-de-privacidad\/#breadcrumb","itemListElement":[{"@type":"ListItem","position":1,"name":"Portada","item":"https:\/\/elsopaconil.com\/"},{"@type":"ListItem","position":2,"name":"pol\u00edtica de privacidad"}]},{"@type":"WebSite","@id":"https:\/\/elsopaconil.com\/#website","url":"https:\/\/elsopaconil.com\/","name":"El Sopa Conil","description":"","publisher":{"@id":"https:\/\/elsopaconil.com\/#organization"},"potentialAction":[{"@type":"SearchAction","target":{"@type":"EntryPoint","urlTemplate":"https:\/\/elsopaconil.com\/?s={search_term_string}"},"query-input":"required name=search_term_string"}],"inLanguage":"es"},{"@type":"Organization","@id":"https:\/\/elsopaconil.com\/#organization","name":"El Sopa Conil","url":"https:\/\/elsopaconil.com\/","logo":{"@type":"ImageObject","inLanguage":"es","@id":"https:\/\/elsopaconil.com\/#\/schema\/logo\/image\/","url":"https:\/\/elsopaconil.com\/wp-content\/uploads\/2021\/05\/logo-sopa-negro.png","contentUrl":"https:\/\/elsopaconil.com\/wp-content\/uploads\/2021\/05\/logo-sopa-negro.png","width":143,"height":151,"caption":"El Sopa Conil"},"image":{"@id":"https:\/\/elsopaconil.com\/#\/schema\/logo\/image\/"}}]}},"_links":{"self":[{"href":"https:\/\/elsopaconil.com\/index.php\/wp-json\/wp\/v2\/pages\/7889","targetHints":{"allow":["GET"]}}],"collection":[{"href":"https:\/\/elsopaconil.com\/index.php\/wp-json\/wp\/v2\/pages"}],"about":[{"href":"https:\/\/elsopaconil.com\/index.php\/wp-json\/wp\/v2\/types\/page"}],"author":[{"embeddable":true,"href":"https:\/\/elsopaconil.com\/index.php\/wp-json\/wp\/v2\/users\/1"}],"replies":[{"embeddable":true,"href":"https:\/\/elsopaconil.com\/index.php\/wp-json\/wp\/v2\/comments?post=7889"}],"version-history":[{"count":4,"href":"https:\/\/elsopaconil.com\/index.php\/wp-json\/wp\/v2\/pages\/7889\/revisions"}],"predecessor-version":[{"id":7954,"href":"https:\/\/elsopaconil.com\/index.php\/wp-json\/wp\/v2\/pages\/7889\/revisions\/7954"}],"wp:attachment":[{"href":"https:\/\/elsopaconil.com\/index.php\/wp-json\/wp\/v2\/media?parent=7889"}],"curies":[{"name":"wp","href":"https:\/\/api.w.org\/{rel}","templated":true}]}}