{"id":7893,"date":"2024-07-02T07:29:59","date_gmt":"2024-07-02T07:29:59","guid":{"rendered":"https:\/\/elsopaconil.com\/?page_id=7893"},"modified":"2024-07-03T08:16:05","modified_gmt":"2024-07-03T08:16:05","slug":"aviso-legal","status":"publish","type":"page","link":"https:\/\/elsopaconil.com\/index.php\/aviso-legal\/","title":{"rendered":"aviso legal"},"content":{"rendered":"\t\t<div data-elementor-type=\"wp-page\" data-elementor-id=\"7893\" class=\"elementor elementor-7893\" data-elementor-post-type=\"page\">\n\t\t\t\t<div class=\"elementor-element elementor-element-55f79a4 e-flex e-con-boxed e-con e-parent\" data-id=\"55f79a4\" data-element_type=\"container\">\n\t\t\t\t\t<div class=\"e-con-inner\">\n\t\t\t\t<div class=\"elementor-element elementor-element-bac0dc3 elementor-widget elementor-widget-text-editor\" data-id=\"bac0dc3\" data-element_type=\"widget\" data-widget_type=\"text-editor.default\">\n\t\t\t\t<div class=\"elementor-widget-container\">\n\t\t\t\t\t\t\t<p>AVISO LEGAL:<br \/>En cumplimiento del art\u00edculo 10 de la Ley 34\/2002, de 11 de julio, de Servicios de la Sociedad de la Informaci\u00f3n y Comercio Electr\u00f3nico (LSSICE) a continuaci\u00f3n se detallan los datos identificativos de la entidad:<\/p><p>Restaurante el Sopa<br \/>Raz\u00f3n social: FRANCISCO JAVIER OLMEDO AGUILAR<br \/>NIF: 75815424H<br \/>Direcci\u00f3n: C\/ Cadiz 32 &#8211; 11140 &#8211; Conil de la Frontera &#8211; CADIZ<br \/>Tel\u00e9fono: 956443690<br \/>Email: info@elsopaconil.com<\/p><p>FINALIDAD DE LA P\u00c1GINA WEB.<br \/>La finalidad de esta web es meramente informativa para dar a conocer la historia y los productos del Restaurante el Sopa.<\/p><p>El presente aviso legal (en adelante, el \u00abAviso Legal\u00bb) regula el uso del sitio web:<br \/>www.elsopaconil.com<\/p><p>LEGISLACI\u00d3N.<br \/>Con car\u00e1cter general las relaciones entre FRANCISCO JAVIER OLMEDO AGUILAR Restaurante el Sopa y los Usuarios de sus servicios telem\u00e1ticos, presentes en este sitio web, se encuentran sometidas a la legislaci\u00f3n y jurisdicci\u00f3n espa\u00f1olas.<\/p><p>USO Y ACCESO DE USUARIOS.<br \/>El Usuario queda informado, y acepta, que el acceso a la presente web no supone, en modo alguno, el inicio de una relaci\u00f3n comercial con FRANCISCO JAVIER OLMEDO AGUILAR Restaurante el Sopa o cualquiera de sus delegaciones.<\/p><p>PROPIEDAD INTELECTUAL E INDUSTRIAL.<br \/>Los derechos de propiedad intelectual del contenido de las p\u00e1ginas web, su dise\u00f1o gr\u00e1fico y c\u00f3digos son titularidad de FRANCISCO JAVIER OLMEDO AGUILAR Restaurante el Sopa y, por tanto, queda prohibida su reproducci\u00f3n, distribuci\u00f3n, comunicaci\u00f3n p\u00fablica, transformaci\u00f3n o cualquier otra actividad que se pueda realizar con los contenidos de sus p\u00e1ginas web ni aun citando las fuentes, salvo consentimiento por escrito de FRANCISCO JAVIER OLMEDO AGUILAR<br \/>Restaurante el Sopa.<\/p><p>CONTENIDO DE LA WEB Y ENLACES (LINKS).<br \/>FRANCISCO JAVIER OLMEDO AGUILAR Restaurante el Sopa se reserva el derecho a actualizar, modificar o eliminar la informaci\u00f3n contenida en sus p\u00e1ginas web pudiendo incluso limitar o no permitir el acceso a dicha informaci\u00f3n a ciertos usuarios.<\/p><p>FRANCISCO JAVIER OLMEDO AGUILAR Restaurante el Sopa no asume responsabilidad alguna por la informaci\u00f3n contenida en p\u00e1ginas web de terceros a las que se pueda acceder por \u00ablinks\u00bb o enlaces desde cualquier p\u00e1gina web propiedad de FRANCISCO JAVIER OLMEDO AGUILAR Restaurante el Sopa. La presencia de \u00ablinks\u00bb o enlaces en las p\u00e1ginas web de FRANCISCO JAVIER OLMEDO AGUILAR Restaurante el Sopa tiene finalidad meramente informativa y en ning\u00fan caso supone sugerencia, invitaci\u00f3n o recomendaci\u00f3n sobre los mismos.<\/p>\t\t\t\t\t\t<\/div>\n\t\t\t\t<\/div>\n\t\t\t\t\t<\/div>\n\t\t\t\t<\/div>\n\t\t\t\t<\/div>\n\t\t","protected":false},"excerpt":{"rendered":"<p>AVISO LEGAL:En cumplimiento del art\u00edculo 10 de la Ley 34\/2002, de 11 de julio, de Servicios de la Sociedad de la Informaci\u00f3n y Comercio Electr\u00f3nico (LSSICE) a continuaci\u00f3n se detallan los datos identificativos de la entidad: Restaurante el SopaRaz\u00f3n social: FRANCISCO JAVIER OLMEDO AGUILARNIF: 75815424HDirecci\u00f3n: C\/ Cadiz 32 &#8211; 11140 &#8211; Conil de la Frontera&hellip;<\/p>\n","protected":false},"author":1,"featured_media":0,"parent":0,"menu_order":0,"comment_status":"closed","ping_status":"closed","template":"","meta":{"footnotes":""},"class_list":["post-7893","page","type-page","status-publish","hentry"],"yoast_head":"<!-- This site is optimized with the Yoast SEO plugin v23.0 - https:\/\/yoast.com\/wordpress\/plugins\/seo\/ -->\n<title>aviso legal - El Sopa Conil<\/title>\n<meta name=\"robots\" content=\"index, follow, max-snippet:-1, max-image-preview:large, max-video-preview:-1\" \/>\n<link rel=\"canonical\" href=\"https:\/\/elsopaconil.com\/index.php\/aviso-legal\/\" \/>\n<meta property=\"og:locale\" content=\"es_ES\" \/>\n<meta property=\"og:type\" content=\"article\" \/>\n<meta property=\"og:title\" content=\"aviso legal - El Sopa Conil\" \/>\n<meta property=\"og:description\" content=\"AVISO LEGAL:En cumplimiento del art\u00edculo 10 de la Ley 34\/2002, de 11 de julio, de Servicios de la Sociedad de la Informaci\u00f3n y Comercio Electr\u00f3nico (LSSICE) a continuaci\u00f3n se detallan los datos identificativos de la entidad: Restaurante el SopaRaz\u00f3n social: FRANCISCO JAVIER OLMEDO AGUILARNIF: 75815424HDirecci\u00f3n: C\/ Cadiz 32 &#8211; 11140 &#8211; Conil de la Frontera&hellip;\" \/>\n<meta property=\"og:url\" content=\"https:\/\/elsopaconil.com\/index.php\/aviso-legal\/\" \/>\n<meta property=\"og:site_name\" content=\"El Sopa Conil\" \/>\n<meta property=\"article:modified_time\" content=\"2024-07-03T08:16:05+00:00\" \/>\n<meta name=\"twitter:card\" content=\"summary_large_image\" \/>\n<meta name=\"twitter:label1\" content=\"Tiempo de lectura\" \/>\n\t<meta name=\"twitter:data1\" content=\"2 minutos\" \/>\n<script type=\"application\/ld+json\" class=\"yoast-schema-graph\">{\"@context\":\"https:\/\/schema.org\",\"@graph\":[{\"@type\":\"WebPage\",\"@id\":\"https:\/\/elsopaconil.com\/index.php\/aviso-legal\/\",\"url\":\"https:\/\/elsopaconil.com\/index.php\/aviso-legal\/\",\"name\":\"aviso legal - El Sopa Conil\",\"isPartOf\":{\"@id\":\"https:\/\/elsopaconil.com\/#website\"},\"datePublished\":\"2024-07-02T07:29:59+00:00\",\"dateModified\":\"2024-07-03T08:16:05+00:00\",\"breadcrumb\":{\"@id\":\"https:\/\/elsopaconil.com\/index.php\/aviso-legal\/#breadcrumb\"},\"inLanguage\":\"es\",\"potentialAction\":[{\"@type\":\"ReadAction\",\"target\":[\"https:\/\/elsopaconil.com\/index.php\/aviso-legal\/\"]}]},{\"@type\":\"BreadcrumbList\",\"@id\":\"https:\/\/elsopaconil.com\/index.php\/aviso-legal\/#breadcrumb\",\"itemListElement\":[{\"@type\":\"ListItem\",\"position\":1,\"name\":\"Portada\",\"item\":\"https:\/\/elsopaconil.com\/\"},{\"@type\":\"ListItem\",\"position\":2,\"name\":\"aviso legal\"}]},{\"@type\":\"WebSite\",\"@id\":\"https:\/\/elsopaconil.com\/#website\",\"url\":\"https:\/\/elsopaconil.com\/\",\"name\":\"El Sopa Conil\",\"description\":\"\",\"publisher\":{\"@id\":\"https:\/\/elsopaconil.com\/#organization\"},\"potentialAction\":[{\"@type\":\"SearchAction\",\"target\":{\"@type\":\"EntryPoint\",\"urlTemplate\":\"https:\/\/elsopaconil.com\/?s={search_term_string}\"},\"query-input\":\"required name=search_term_string\"}],\"inLanguage\":\"es\"},{\"@type\":\"Organization\",\"@id\":\"https:\/\/elsopaconil.com\/#organization\",\"name\":\"El Sopa Conil\",\"url\":\"https:\/\/elsopaconil.com\/\",\"logo\":{\"@type\":\"ImageObject\",\"inLanguage\":\"es\",\"@id\":\"https:\/\/elsopaconil.com\/#\/schema\/logo\/image\/\",\"url\":\"https:\/\/elsopaconil.com\/wp-content\/uploads\/2021\/05\/logo-sopa-negro.png\",\"contentUrl\":\"https:\/\/elsopaconil.com\/wp-content\/uploads\/2021\/05\/logo-sopa-negro.png\",\"width\":143,\"height\":151,\"caption\":\"El Sopa Conil\"},\"image\":{\"@id\":\"https:\/\/elsopaconil.com\/#\/schema\/logo\/image\/\"}}]}<\/script>\n<!-- \/ Yoast SEO plugin. -->","yoast_head_json":{"title":"aviso legal - El Sopa Conil","robots":{"index":"index","follow":"follow","max-snippet":"max-snippet:-1","max-image-preview":"max-image-preview:large","max-video-preview":"max-video-preview:-1"},"canonical":"https:\/\/elsopaconil.com\/index.php\/aviso-legal\/","og_locale":"es_ES","og_type":"article","og_title":"aviso legal - El Sopa Conil","og_description":"AVISO LEGAL:En cumplimiento del art\u00edculo 10 de la Ley 34\/2002, de 11 de julio, de Servicios de la Sociedad de la Informaci\u00f3n y Comercio Electr\u00f3nico (LSSICE) a continuaci\u00f3n se detallan los datos identificativos de la entidad: Restaurante el SopaRaz\u00f3n social: FRANCISCO JAVIER OLMEDO AGUILARNIF: 75815424HDirecci\u00f3n: C\/ Cadiz 32 &#8211; 11140 &#8211; Conil de la Frontera&hellip;","og_url":"https:\/\/elsopaconil.com\/index.php\/aviso-legal\/","og_site_name":"El Sopa Conil","article_modified_time":"2024-07-03T08:16:05+00:00","twitter_card":"summary_large_image","twitter_misc":{"Tiempo de lectura":"2 minutos"},"schema":{"@context":"https:\/\/schema.org","@graph":[{"@type":"WebPage","@id":"https:\/\/elsopaconil.com\/index.php\/aviso-legal\/","url":"https:\/\/elsopaconil.com\/index.php\/aviso-legal\/","name":"aviso legal - El Sopa Conil","isPartOf":{"@id":"https:\/\/elsopaconil.com\/#website"},"datePublished":"2024-07-02T07:29:59+00:00","dateModified":"2024-07-03T08:16:05+00:00","breadcrumb":{"@id":"https:\/\/elsopaconil.com\/index.php\/aviso-legal\/#breadcrumb"},"inLanguage":"es","potentialAction":[{"@type":"ReadAction","target":["https:\/\/elsopaconil.com\/index.php\/aviso-legal\/"]}]},{"@type":"BreadcrumbList","@id":"https:\/\/elsopaconil.com\/index.php\/aviso-legal\/#breadcrumb","itemListElement":[{"@type":"ListItem","position":1,"name":"Portada","item":"https:\/\/elsopaconil.com\/"},{"@type":"ListItem","position":2,"name":"aviso legal"}]},{"@type":"WebSite","@id":"https:\/\/elsopaconil.com\/#website","url":"https:\/\/elsopaconil.com\/","name":"El Sopa Conil","description":"","publisher":{"@id":"https:\/\/elsopaconil.com\/#organization"},"potentialAction":[{"@type":"SearchAction","target":{"@type":"EntryPoint","urlTemplate":"https:\/\/elsopaconil.com\/?s={search_term_string}"},"query-input":"required name=search_term_string"}],"inLanguage":"es"},{"@type":"Organization","@id":"https:\/\/elsopaconil.com\/#organization","name":"El Sopa Conil","url":"https:\/\/elsopaconil.com\/","logo":{"@type":"ImageObject","inLanguage":"es","@id":"https:\/\/elsopaconil.com\/#\/schema\/logo\/image\/","url":"https:\/\/elsopaconil.com\/wp-content\/uploads\/2021\/05\/logo-sopa-negro.png","contentUrl":"https:\/\/elsopaconil.com\/wp-content\/uploads\/2021\/05\/logo-sopa-negro.png","width":143,"height":151,"caption":"El Sopa Conil"},"image":{"@id":"https:\/\/elsopaconil.com\/#\/schema\/logo\/image\/"}}]}},"_links":{"self":[{"href":"https:\/\/elsopaconil.com\/index.php\/wp-json\/wp\/v2\/pages\/7893","targetHints":{"allow":["GET"]}}],"collection":[{"href":"https:\/\/elsopaconil.com\/index.php\/wp-json\/wp\/v2\/pages"}],"about":[{"href":"https:\/\/elsopaconil.com\/index.php\/wp-json\/wp\/v2\/types\/page"}],"author":[{"embeddable":true,"href":"https:\/\/elsopaconil.com\/index.php\/wp-json\/wp\/v2\/users\/1"}],"replies":[{"embeddable":true,"href":"https:\/\/elsopaconil.com\/index.php\/wp-json\/wp\/v2\/comments?post=7893"}],"version-history":[{"count":10,"href":"https:\/\/elsopaconil.com\/index.php\/wp-json\/wp\/v2\/pages\/7893\/revisions"}],"predecessor-version":[{"id":7957,"href":"https:\/\/elsopaconil.com\/index.php\/wp-json\/wp\/v2\/pages\/7893\/revisions\/7957"}],"wp:attachment":[{"href":"https:\/\/elsopaconil.com\/index.php\/wp-json\/wp\/v2\/media?parent=7893"}],"curies":[{"name":"wp","href":"https:\/\/api.w.org\/{rel}","templated":true}]}}