{"id":7895,"date":"2024-07-02T07:30:59","date_gmt":"2024-07-02T07:30:59","guid":{"rendered":"https:\/\/elsopaconil.com\/?page_id=7895"},"modified":"2024-07-03T08:19:39","modified_gmt":"2024-07-03T08:19:39","slug":"politica-de-cookies","status":"publish","type":"page","link":"https:\/\/elsopaconil.com\/index.php\/politica-de-cookies\/","title":{"rendered":"pol\u00edtica de cookies"},"content":{"rendered":"\t\t<div data-elementor-type=\"wp-page\" data-elementor-id=\"7895\" class=\"elementor elementor-7895\" data-elementor-post-type=\"page\">\n\t\t\t\t<div class=\"elementor-element elementor-element-463bc4f e-flex e-con-boxed e-con e-parent\" data-id=\"463bc4f\" data-element_type=\"container\">\n\t\t\t\t\t<div class=\"e-con-inner\">\n\t\t\t\t<div class=\"elementor-element elementor-element-5e050a7 elementor-widget elementor-widget-text-editor\" data-id=\"5e050a7\" data-element_type=\"widget\" data-widget_type=\"text-editor.default\">\n\t\t\t\t<div class=\"elementor-widget-container\">\n\t\t\t\t\t\t\t<p>\u00bfQu\u00e9 son las cookies? Este sitio web utiliza cookies y\/o tecnolog\u00edas similares que almacenan y recuperan informaci\u00f3n cuando navegas. En general, estas tecnolog\u00edas pueden servir para finalidades muy diversas, como, por ejemplo, reconocerte como usuario, obtener informaci\u00f3n sobre tus h\u00e1bitos de navegaci\u00f3n, o personalizar la forma en que se muestra el contenido.<br \/>Los usos concretos que hacemos de estas tecnolog\u00edas se describen a continuaci\u00f3n.<\/p><p>\u00bfQu\u00e9 tipos de cookies se utilizan en esta p\u00e1gina web?<br \/>De an\u00e1lisis: son aquellas que, tratadas por nosotros o por terceros, nos permiten cuantificar el n\u00famero de usuarios y as\u00ed realizar la medici\u00f3n y an\u00e1lisis estad\u00edstico de la utilizaci\u00f3n que hacen los usuarios del servicio ofertado. Para ello se analiza su navegaci\u00f3n en nuestra p\u00e1gina web con el fin de mejorar la oferta de productos o servicios que le ofrecemos.<\/p><p>Publicitarias comportamentales: son aquellas que, tratadas por nosotros o por terceros, nos permiten analizar sus h\u00e1bitos de navegaci\u00f3n en Internet para que podamos mostrarle publicidad relacionada con su perfil de navegaci\u00f3n.<\/p><p>Listado de cookies utilizadas en nuestra web<\/p><p>COOKIES T\u00c9CNICAS<br \/>Titular Denominaci\u00f3nDuraci\u00f3nFinalidad<br \/><br \/><\/p><p>COOKIES DE AN\u00c1LISIS<br \/>Titular Denominaci\u00f3nDuraci\u00f3nFinalidad<br \/><br \/><\/p><p>COOKIES DE PUBLICIDAD<br \/>TitularDenominaci\u00f3nDuraci\u00f3nFinalidad<br \/><br \/><\/p><p>Puedes obtener m\u00e1s informaci\u00f3n sobre las cookies de publicidad y an\u00e1lisis o de posibles transferencias de datos de terceros en sus respectivas Pol\u00edticas de cookies.<\/p><p>Google (https:\/\/developers.google.com\/analytics\/devguides\/collection\/ana lyticsjs\/cookie-usage?hl=es)<br \/>Google (https:\/\/policies.google.com\/technologies\/types?hl=es)<br \/>Google (https:\/\/policies.google.com\/privacy?hl=es)<br \/>Tenga en cuenta que, si acepta las cookies de terceros, deber\u00e1 eliminarlas desde las opciones del navegador o desde el sistema ofrecido por el propio tercero.<\/p><p>Mediante nuestro panel puede configurar las cookies seg\u00fan sus preferencias.<br \/>[Link de acceso al panel]<\/p>\t\t\t\t\t\t<\/div>\n\t\t\t\t<\/div>\n\t\t\t\t\t<\/div>\n\t\t\t\t<\/div>\n\t\t\t\t<\/div>\n\t\t","protected":false},"excerpt":{"rendered":"<p>\u00bfQu\u00e9 son las cookies? Este sitio web utiliza cookies y\/o tecnolog\u00edas similares que almacenan y recuperan informaci\u00f3n cuando navegas. En general, estas tecnolog\u00edas pueden servir para finalidades muy diversas, como, por ejemplo, reconocerte como usuario, obtener informaci\u00f3n sobre tus h\u00e1bitos de navegaci\u00f3n, o personalizar la forma en que se muestra el contenido.Los usos concretos que&hellip;<\/p>\n","protected":false},"author":1,"featured_media":0,"parent":0,"menu_order":0,"comment_status":"closed","ping_status":"closed","template":"","meta":{"footnotes":""},"class_list":["post-7895","page","type-page","status-publish","hentry"],"yoast_head":"<!-- This site is optimized with the Yoast SEO plugin v23.0 - https:\/\/yoast.com\/wordpress\/plugins\/seo\/ -->\n<title>pol\u00edtica de cookies - El Sopa Conil<\/title>\n<meta name=\"robots\" content=\"index, follow, max-snippet:-1, max-image-preview:large, max-video-preview:-1\" \/>\n<link rel=\"canonical\" href=\"https:\/\/elsopaconil.com\/index.php\/politica-de-cookies\/\" \/>\n<meta property=\"og:locale\" content=\"es_ES\" \/>\n<meta property=\"og:type\" content=\"article\" \/>\n<meta property=\"og:title\" content=\"pol\u00edtica de cookies - El Sopa Conil\" \/>\n<meta property=\"og:description\" content=\"\u00bfQu\u00e9 son las cookies? Este sitio web utiliza cookies y\/o tecnolog\u00edas similares que almacenan y recuperan informaci\u00f3n cuando navegas. En general, estas tecnolog\u00edas pueden servir para finalidades muy diversas, como, por ejemplo, reconocerte como usuario, obtener informaci\u00f3n sobre tus h\u00e1bitos de navegaci\u00f3n, o personalizar la forma en que se muestra el contenido.Los usos concretos que&hellip;\" \/>\n<meta property=\"og:url\" content=\"https:\/\/elsopaconil.com\/index.php\/politica-de-cookies\/\" \/>\n<meta property=\"og:site_name\" content=\"El Sopa Conil\" \/>\n<meta property=\"article:modified_time\" content=\"2024-07-03T08:19:39+00:00\" \/>\n<meta name=\"twitter:card\" content=\"summary_large_image\" \/>\n<meta name=\"twitter:label1\" content=\"Tiempo de lectura\" \/>\n\t<meta name=\"twitter:data1\" content=\"2 minutos\" \/>\n<script type=\"application\/ld+json\" class=\"yoast-schema-graph\">{\"@context\":\"https:\/\/schema.org\",\"@graph\":[{\"@type\":\"WebPage\",\"@id\":\"https:\/\/elsopaconil.com\/index.php\/politica-de-cookies\/\",\"url\":\"https:\/\/elsopaconil.com\/index.php\/politica-de-cookies\/\",\"name\":\"pol\u00edtica de cookies - El Sopa Conil\",\"isPartOf\":{\"@id\":\"https:\/\/elsopaconil.com\/#website\"},\"datePublished\":\"2024-07-02T07:30:59+00:00\",\"dateModified\":\"2024-07-03T08:19:39+00:00\",\"breadcrumb\":{\"@id\":\"https:\/\/elsopaconil.com\/index.php\/politica-de-cookies\/#breadcrumb\"},\"inLanguage\":\"es\",\"potentialAction\":[{\"@type\":\"ReadAction\",\"target\":[\"https:\/\/elsopaconil.com\/index.php\/politica-de-cookies\/\"]}]},{\"@type\":\"BreadcrumbList\",\"@id\":\"https:\/\/elsopaconil.com\/index.php\/politica-de-cookies\/#breadcrumb\",\"itemListElement\":[{\"@type\":\"ListItem\",\"position\":1,\"name\":\"Portada\",\"item\":\"https:\/\/elsopaconil.com\/\"},{\"@type\":\"ListItem\",\"position\":2,\"name\":\"pol\u00edtica de cookies\"}]},{\"@type\":\"WebSite\",\"@id\":\"https:\/\/elsopaconil.com\/#website\",\"url\":\"https:\/\/elsopaconil.com\/\",\"name\":\"El Sopa Conil\",\"description\":\"\",\"publisher\":{\"@id\":\"https:\/\/elsopaconil.com\/#organization\"},\"potentialAction\":[{\"@type\":\"SearchAction\",\"target\":{\"@type\":\"EntryPoint\",\"urlTemplate\":\"https:\/\/elsopaconil.com\/?s={search_term_string}\"},\"query-input\":\"required name=search_term_string\"}],\"inLanguage\":\"es\"},{\"@type\":\"Organization\",\"@id\":\"https:\/\/elsopaconil.com\/#organization\",\"name\":\"El Sopa Conil\",\"url\":\"https:\/\/elsopaconil.com\/\",\"logo\":{\"@type\":\"ImageObject\",\"inLanguage\":\"es\",\"@id\":\"https:\/\/elsopaconil.com\/#\/schema\/logo\/image\/\",\"url\":\"https:\/\/elsopaconil.com\/wp-content\/uploads\/2021\/05\/logo-sopa-negro.png\",\"contentUrl\":\"https:\/\/elsopaconil.com\/wp-content\/uploads\/2021\/05\/logo-sopa-negro.png\",\"width\":143,\"height\":151,\"caption\":\"El Sopa Conil\"},\"image\":{\"@id\":\"https:\/\/elsopaconil.com\/#\/schema\/logo\/image\/\"}}]}<\/script>\n<!-- \/ Yoast SEO plugin. -->","yoast_head_json":{"title":"pol\u00edtica de cookies - El Sopa Conil","robots":{"index":"index","follow":"follow","max-snippet":"max-snippet:-1","max-image-preview":"max-image-preview:large","max-video-preview":"max-video-preview:-1"},"canonical":"https:\/\/elsopaconil.com\/index.php\/politica-de-cookies\/","og_locale":"es_ES","og_type":"article","og_title":"pol\u00edtica de cookies - El Sopa Conil","og_description":"\u00bfQu\u00e9 son las cookies? Este sitio web utiliza cookies y\/o tecnolog\u00edas similares que almacenan y recuperan informaci\u00f3n cuando navegas. En general, estas tecnolog\u00edas pueden servir para finalidades muy diversas, como, por ejemplo, reconocerte como usuario, obtener informaci\u00f3n sobre tus h\u00e1bitos de navegaci\u00f3n, o personalizar la forma en que se muestra el contenido.Los usos concretos que&hellip;","og_url":"https:\/\/elsopaconil.com\/index.php\/politica-de-cookies\/","og_site_name":"El Sopa Conil","article_modified_time":"2024-07-03T08:19:39+00:00","twitter_card":"summary_large_image","twitter_misc":{"Tiempo de lectura":"2 minutos"},"schema":{"@context":"https:\/\/schema.org","@graph":[{"@type":"WebPage","@id":"https:\/\/elsopaconil.com\/index.php\/politica-de-cookies\/","url":"https:\/\/elsopaconil.com\/index.php\/politica-de-cookies\/","name":"pol\u00edtica de cookies - El Sopa Conil","isPartOf":{"@id":"https:\/\/elsopaconil.com\/#website"},"datePublished":"2024-07-02T07:30:59+00:00","dateModified":"2024-07-03T08:19:39+00:00","breadcrumb":{"@id":"https:\/\/elsopaconil.com\/index.php\/politica-de-cookies\/#breadcrumb"},"inLanguage":"es","potentialAction":[{"@type":"ReadAction","target":["https:\/\/elsopaconil.com\/index.php\/politica-de-cookies\/"]}]},{"@type":"BreadcrumbList","@id":"https:\/\/elsopaconil.com\/index.php\/politica-de-cookies\/#breadcrumb","itemListElement":[{"@type":"ListItem","position":1,"name":"Portada","item":"https:\/\/elsopaconil.com\/"},{"@type":"ListItem","position":2,"name":"pol\u00edtica de cookies"}]},{"@type":"WebSite","@id":"https:\/\/elsopaconil.com\/#website","url":"https:\/\/elsopaconil.com\/","name":"El Sopa Conil","description":"","publisher":{"@id":"https:\/\/elsopaconil.com\/#organization"},"potentialAction":[{"@type":"SearchAction","target":{"@type":"EntryPoint","urlTemplate":"https:\/\/elsopaconil.com\/?s={search_term_string}"},"query-input":"required name=search_term_string"}],"inLanguage":"es"},{"@type":"Organization","@id":"https:\/\/elsopaconil.com\/#organization","name":"El Sopa Conil","url":"https:\/\/elsopaconil.com\/","logo":{"@type":"ImageObject","inLanguage":"es","@id":"https:\/\/elsopaconil.com\/#\/schema\/logo\/image\/","url":"https:\/\/elsopaconil.com\/wp-content\/uploads\/2021\/05\/logo-sopa-negro.png","contentUrl":"https:\/\/elsopaconil.com\/wp-content\/uploads\/2021\/05\/logo-sopa-negro.png","width":143,"height":151,"caption":"El Sopa Conil"},"image":{"@id":"https:\/\/elsopaconil.com\/#\/schema\/logo\/image\/"}}]}},"_links":{"self":[{"href":"https:\/\/elsopaconil.com\/index.php\/wp-json\/wp\/v2\/pages\/7895","targetHints":{"allow":["GET"]}}],"collection":[{"href":"https:\/\/elsopaconil.com\/index.php\/wp-json\/wp\/v2\/pages"}],"about":[{"href":"https:\/\/elsopaconil.com\/index.php\/wp-json\/wp\/v2\/types\/page"}],"author":[{"embeddable":true,"href":"https:\/\/elsopaconil.com\/index.php\/wp-json\/wp\/v2\/users\/1"}],"replies":[{"embeddable":true,"href":"https:\/\/elsopaconil.com\/index.php\/wp-json\/wp\/v2\/comments?post=7895"}],"version-history":[{"count":7,"href":"https:\/\/elsopaconil.com\/index.php\/wp-json\/wp\/v2\/pages\/7895\/revisions"}],"predecessor-version":[{"id":7960,"href":"https:\/\/elsopaconil.com\/index.php\/wp-json\/wp\/v2\/pages\/7895\/revisions\/7960"}],"wp:attachment":[{"href":"https:\/\/elsopaconil.com\/index.php\/wp-json\/wp\/v2\/media?parent=7895"}],"curies":[{"name":"wp","href":"https:\/\/api.w.org\/{rel}","templated":true}]}}